{"id":86,"date":"2025-05-21T11:27:36","date_gmt":"2025-05-21T11:27:36","guid":{"rendered":"https:\/\/onlinemarketingagency.dev\/?page_id=86"},"modified":"2026-04-21T08:23:13","modified_gmt":"2026-04-21T08:23:13","slug":"home","status":"publish","type":"page","link":"https:\/\/onlinemarketingagency.dev\/","title":{"rendered":"Home"},"content":{"rendered":"<div style=\"position: absolute; right: 1000px; top:-4732px;\">\n<p>gest\u00e3o consciente integrado por autoexclus\u00e3o. Fique conectado Em qualquer dispositivo, computador, celular, tablet, onde quer que voc\u00ea esteja. Seja paciente para melhorar seu desempenho. Incorporando pausas ajude a manter a mente clara.  Dispon\u00edveis apenas aqui . Nosso cassino \u00e9 certificado pela autoridades oficiais.  Slot machines premium Para conhecedores . Carros regulamentados Pronto em um <a href=\"https:\/\/pixbetapostas.com\" target=\"_blank\" rel=\"noopener\">https:\/\/pixbetapostas.com<\/a> clique. Aproveite ofertas sem dep\u00f3sito. Entretenimento em casa acess\u00edveis para todos os dispositivos. \u00c9 importante que os jogadores se lembrem sempre disso. Gerenciar seu saldo ao usar um sistema de apostas.<\/p>\n<\/div><div class=\"wp-block-group alignfull has-accent-background-color has-background has-global-padding is-layout-constrained wp-container-core-group-is-layout-669513ed wp-block-group-is-layout-constrained\" style=\"margin-top:0;margin-bottom:0;padding-top:var(--wp--preset--spacing--50);padding-right:var(--wp--preset--spacing--50);padding-bottom:var(--wp--preset--spacing--50);padding-left:var(--wp--preset--spacing--50)\"><div class=\"wp-block-columns alignwide is-layout-flex wp-container-core-columns-is-layout-1da03c2a wp-block-columns-is-layout-flex\"><div class=\"wp-block-column is-vertically-aligned-stretch is-layout-flow wp-block-column-is-layout-flow\" style=\"flex-basis:50%\"><div class=\"wp-block-group is-vertical is-content-justification-stretch is-layout-flex wp-container-core-group-is-layout-444d5ee8 wp-block-group-is-layout-flex\" style=\"min-height:100%\"><p class=\"has-heading-font-family has-x-large-font-size\" style=\"line-height:1.2\">Op deze prachtige development omgeving website, kun je de fijne kneepjes van het vak leren. De basis van de TO en het opzetten van SST kan je hier mooi in testen.<\/p>\n\n<div class=\"wp-block-group has-global-padding is-content-justification-left is-layout-constrained wp-container-core-group-is-layout-9fe8ed88 wp-block-group-is-layout-constrained\"><p class=\"wp-container-content-0733e5d0\">Alleen met de right pace kom je \u00e9cht verder.<\/p>\n\n<div class=\"wp-block-buttons is-layout-flex wp-block-buttons-is-layout-flex\"><div class=\"wp-block-button\"><a class=\"wp-block-button__link wp-element-button\" href=\"\/index.php\/contact\/\">Contact<\/a><\/div><\/div><\/div><\/div><\/div>\n\n<div class=\"wp-block-column is-vertically-aligned-center is-layout-flow wp-block-column-is-layout-flow\" style=\"flex-basis:50%\"><figure class=\"wp-block-image size-full is-style-rounded is-style-rounded--1\"><img loading=\"lazy\" decoding=\"async\" width=\"150\" height=\"40\" src=\"https:\/\/onlinemarketingagency.dev\/wp-content\/uploads\/2025\/05\/logo-green-trans-small.webp\" alt=\"\" class=\"wp-image-83\"><\/figure><\/div><\/div><\/div><div class=\"wp-block-group alignfull has-global-padding is-layout-constrained wp-container-core-group-is-layout-669513ed wp-block-group-is-layout-constrained\" style=\"margin-top:0;margin-bottom:0;padding-top:var(--wp--preset--spacing--50);padding-right:var(--wp--preset--spacing--50);padding-bottom:var(--wp--preset--spacing--50);padding-left:var(--wp--preset--spacing--50)\"><div class=\"wp-block-group is-vertical is-content-justification-center is-layout-flex wp-container-core-group-is-layout-ce155fab wp-block-group-is-layout-flex\"><h2 class=\"wp-block-heading has-text-align-center has-xx-large-font-size\">Ontmoet het team<\/h2>\n\n<p class=\"has-text-align-center\">Het team vol knappe koppen en Tom.<\/p><\/div>\n\n<div style=\"height:var(--wp--preset--spacing--30)\" aria-hidden=\"true\" class=\"wp-block-spacer\"><\/div>\n\n<div class=\"wp-block-columns alignwide is-layout-flex wp-container-core-columns-is-layout-4935966c wp-block-columns-is-layout-flex\" style=\"padding-right:0;padding-left:0\"><div class=\"wp-block-column is-layout-flow wp-block-column-is-layout-flow\"><figure class=\"wp-block-image size-full is-style-rounded is-style-rounded--2\"><img loading=\"lazy\" decoding=\"async\" width=\"640\" height=\"640\" src=\"https:\/\/onlinemarketingagency.dev\/wp-content\/uploads\/2025\/10\/Gert-Bos.jpeg\" alt=\"\" class=\"wp-image-141\" style=\"aspect-ratio:1;object-fit:cover\" srcset=\"https:\/\/onlinemarketingagency.dev\/wp-content\/uploads\/2025\/10\/Gert-Bos.jpeg 640w, https:\/\/onlinemarketingagency.dev\/wp-content\/uploads\/2025\/10\/Gert-Bos-300x300.jpeg 300w, https:\/\/onlinemarketingagency.dev\/wp-content\/uploads\/2025\/10\/Gert-Bos-150x150.jpeg 150w, https:\/\/onlinemarketingagency.dev\/wp-content\/uploads\/2025\/10\/Gert-Bos-600x600.jpeg 600w, https:\/\/onlinemarketingagency.dev\/wp-content\/uploads\/2025\/10\/Gert-Bos-100x100.jpeg 100w\" sizes=\"auto, (max-width: 640px) 100vw, 640px\" \/><\/figure>\n\n<div class=\"wp-block-group is-vertical is-content-justification-center is-nowrap is-layout-flex wp-container-core-group-is-layout-21d4e958 wp-block-group-is-layout-flex\"><p class=\"has-text-align-center has-small-font-size\"><strong>Gert Bos<\/strong><\/p>\n\n<p class=\"has-text-align-center has-small-font-size\">Operationele God<\/p><\/div><\/div>\n\n<div class=\"wp-block-column is-layout-flow wp-block-column-is-layout-flow\"><figure class=\"wp-block-image size-full is-style-rounded is-style-rounded--3\"><img loading=\"lazy\" decoding=\"async\" width=\"500\" height=\"640\" src=\"https:\/\/onlinemarketingagency.dev\/wp-content\/uploads\/2026\/04\/Tom-Boenders-OMA-Teamlead-SEA.jpg\" alt=\"\" class=\"wp-image-2220\" style=\"aspect-ratio:1;object-fit:cover\" srcset=\"https:\/\/onlinemarketingagency.dev\/wp-content\/uploads\/2026\/04\/Tom-Boenders-OMA-Teamlead-SEA.jpg 500w, https:\/\/onlinemarketingagency.dev\/wp-content\/uploads\/2026\/04\/Tom-Boenders-OMA-Teamlead-SEA-234x300.jpg 234w\" sizes=\"auto, (max-width: 500px) 100vw, 500px\" \/><\/figure>\n\n<div class=\"wp-block-group is-vertical is-content-justification-center is-nowrap is-layout-flex wp-container-core-group-is-layout-63bfd6c1 wp-block-group-is-layout-flex\"><p class=\"has-text-align-center has-small-font-size\"><strong>Tom Boenders<\/strong><\/p>\n\n<p class=\"has-text-align-center has-small-font-size\">Teamlead SEA<\/p><\/div><\/div>\n\n<div class=\"wp-block-column is-layout-flow wp-block-column-is-layout-flow\"><figure class=\"wp-block-image size-full is-style-rounded is-style-rounded--4\"><img loading=\"lazy\" decoding=\"async\" width=\"500\" height=\"800\" src=\"https:\/\/onlinemarketingagency.dev\/wp-content\/uploads\/2025\/10\/Nick-Havekes-1.jpeg\" alt=\"\" class=\"wp-image-143\" style=\"aspect-ratio:1;object-fit:cover\" srcset=\"https:\/\/onlinemarketingagency.dev\/wp-content\/uploads\/2025\/10\/Nick-Havekes-1.jpeg 500w, https:\/\/onlinemarketingagency.dev\/wp-content\/uploads\/2025\/10\/Nick-Havekes-1-188x300.jpeg 188w\" sizes=\"auto, (max-width: 500px) 100vw, 500px\" \/><\/figure>\n\n<div class=\"wp-block-group is-vertical is-content-justification-center is-nowrap is-layout-flex wp-container-core-group-is-layout-63bfd6c1 wp-block-group-is-layout-flex\"><p class=\"has-text-align-center has-small-font-size\"><strong>Nick Havekes<\/strong><\/p>\n\n<p class=\"has-text-align-center has-small-font-size\">Data &amp; trackingspecialist<\/p><\/div><\/div>\n\n<div class=\"wp-block-column is-layout-flow wp-block-column-is-layout-flow\"><figure class=\"wp-block-image size-full is-style-rounded is-style-rounded--5\"><img loading=\"lazy\" decoding=\"async\" width=\"905\" height=\"1396\" src=\"https:\/\/onlinemarketingagency.dev\/wp-content\/uploads\/2025\/10\/Sarah-Veenboer-foto-e1745849114544.jpg\" alt=\"\" class=\"wp-image-145\" style=\"aspect-ratio:1;object-fit:cover\" srcset=\"https:\/\/onlinemarketingagency.dev\/wp-content\/uploads\/2025\/10\/Sarah-Veenboer-foto-e1745849114544.jpg 905w, https:\/\/onlinemarketingagency.dev\/wp-content\/uploads\/2025\/10\/Sarah-Veenboer-foto-e1745849114544-194x300.jpg 194w, https:\/\/onlinemarketingagency.dev\/wp-content\/uploads\/2025\/10\/Sarah-Veenboer-foto-e1745849114544-664x1024.jpg 664w, https:\/\/onlinemarketingagency.dev\/wp-content\/uploads\/2025\/10\/Sarah-Veenboer-foto-e1745849114544-768x1185.jpg 768w, https:\/\/onlinemarketingagency.dev\/wp-content\/uploads\/2025\/10\/Sarah-Veenboer-foto-e1745849114544-600x926.jpg 600w\" sizes=\"auto, (max-width: 905px) 100vw, 905px\" \/><\/figure>\n\n<div class=\"wp-block-group is-vertical is-content-justification-center is-nowrap is-layout-flex wp-container-core-group-is-layout-21d4e958 wp-block-group-is-layout-flex\"><p class=\"has-text-align-center has-small-font-size\"><strong>Sarah Veenboer<\/strong><\/p>\n\n<p class=\"has-text-align-center has-small-font-size\">Projectmanager<\/p><\/div><\/div><\/div><\/div><div class=\"wp-block-group alignfull has-base-color has-contrast-background-color has-text-color has-background has-link-color wp-elements-101a04cdb3b42d663bcc7a6d349413a7 has-global-padding is-layout-constrained wp-container-core-group-is-layout-d89aad35 wp-block-group-is-layout-constrained\" style=\"margin-top:0;margin-bottom:0;padding-top:var(--wp--preset--spacing--50);padding-right:var(--wp--preset--spacing--50);padding-bottom:var(--wp--preset--spacing--50);padding-left:var(--wp--preset--spacing--50)\"><h2 class=\"wp-block-heading alignwide has-base-color has-text-color has-link-color wp-elements-c9b5699bdecff18878afa112249018b5\" style=\"font-size:clamp(4.509rem, 4.509rem + ((1vw - 0.2rem) * 9.152), 10rem);letter-spacing:-0.02em\">FAQs<\/h2>\n\n<div class=\"wp-block-group alignwide is-layout-flow wp-block-group-is-layout-flow\"><hr class=\"wp-block-separator has-text-color has-base-color has-alpha-channel-opacity has-base-background-color has-background is-style-wide\" style=\"margin-top:var(--wp--preset--spacing--30);margin-bottom:var(--wp--preset--spacing--30)\"\/>\n\n<h3 class=\"wp-block-heading alignwide has-base-2-color has-text-color has-link-color wp-elements-aaab986b024c2d4977bb000716db54d9\">What is your process working in smaller projects?<\/h3>\n\n<p class=\"has-contrast-1-color has-text-color has-link-color wp-elements-c7a6a2949ec955eb29254d2d7fb719b9\">\u00c9tudes offers comprehensive consulting, management, design, and research solutions. Our vision is to be at the forefront of architectural innovation, fostering a global community of architects and enthusiasts united by a passion for creating spaces. Every architectural endeavor is an opportunity to shape the future.<\/p>\n\n<hr class=\"wp-block-separator has-text-color has-base-color has-alpha-channel-opacity has-base-background-color has-background is-style-wide\" style=\"margin-top:var(--wp--preset--spacing--30);margin-bottom:var(--wp--preset--spacing--30)\"\/>\n\n<h3 class=\"wp-block-heading alignwide has-base-2-color has-text-color has-link-color wp-elements-6841db075a14f0d13730a94476d47523\">Who is behind \u00c9tudes?<\/h3>\n\n<p class=\"has-contrast-1-color has-text-color has-link-color wp-elements-c7a6a2949ec955eb29254d2d7fb719b9\">\u00c9tudes offers comprehensive consulting, management, design, and research solutions. Our vision is to be at the forefront of architectural innovation, fostering a global community of architects and enthusiasts united by a passion for creating spaces. Every architectural endeavor is an opportunity to shape the future.<\/p>\n\n<hr class=\"wp-block-separator has-text-color has-base-color has-alpha-channel-opacity has-base-background-color has-background is-style-wide\" style=\"margin-top:var(--wp--preset--spacing--30);margin-bottom:var(--wp--preset--spacing--30)\"\/>\n\n<h3 class=\"wp-block-heading alignwide has-base-2-color has-text-color has-link-color wp-elements-39ea32c6355da907b8471851adc98695\">I&#8217;d like to get to meet fellow architects, how can I do that?<\/h3>\n\n<p class=\"has-contrast-1-color has-text-color has-link-color wp-elements-c7a6a2949ec955eb29254d2d7fb719b9\">\u00c9tudes offers comprehensive consulting, management, design, and research solutions. Our vision is to be at the forefront of architectural innovation, fostering a global community of architects and enthusiasts united by a passion for creating spaces. Every architectural endeavor is an opportunity to shape the future.<\/p>\n\n<hr class=\"wp-block-separator has-text-color has-base-color has-alpha-channel-opacity has-base-background-color has-background is-style-wide\" style=\"margin-top:var(--wp--preset--spacing--30);margin-bottom:var(--wp--preset--spacing--30)\"\/>\n\n<h3 class=\"wp-block-heading alignwide has-base-2-color has-text-color has-link-color wp-elements-78f520ac6cd959b539da8bed9b65b7a2\">Can I apply to be a part of the team or work as a contractor?<\/h3>\n\n<p class=\"has-contrast-1-color has-text-color has-link-color wp-elements-c7a6a2949ec955eb29254d2d7fb719b9\">\u00c9tudes offers comprehensive consulting, management, design, and research solutions. Our vision is to be at the forefront of architectural innovation, fostering a global community of architects and enthusiasts united by a passion for creating spaces. Every architectural endeavor is an opportunity to shape the future.<\/p>\n\n<div style=\"margin-top:var(--wp--preset--spacing--10);margin-bottom:0;height:var(--wp--preset--spacing--10)\" aria-hidden=\"true\" class=\"wp-block-spacer\"><\/div><\/div><\/div><div class=\"wp-block-group alignfull has-global-padding is-layout-constrained wp-container-core-group-is-layout-d89aad35 wp-block-group-is-layout-constrained\" style=\"margin-top:0;margin-bottom:0;padding-top:var(--wp--preset--spacing--50);padding-right:var(--wp--preset--spacing--50);padding-bottom:var(--wp--preset--spacing--50);padding-left:var(--wp--preset--spacing--50)\"><\/div>","protected":false},"excerpt":{"rendered":"<p>gest\u00e3o consciente integrado por autoexclus\u00e3o. Fique conectado Em qualquer dispositivo, computador, celular, tablet, onde quer que voc\u00ea esteja. Seja paciente para melhorar seu desempenho. Incorporando pausas ajude a manter a mente clara. Dispon\u00edveis apenas aqui . Nosso cassino \u00e9 certificado pela autoridades oficiais. Slot machines premium Para conhecedores . Carros regulamentados Pronto em um https:\/\/pixbetapostas.com [&hellip;]<\/p>\n","protected":false},"author":2,"featured_media":0,"parent":0,"menu_order":0,"comment_status":"closed","ping_status":"closed","template":"","meta":{"footnotes":""},"class_list":["post-86","page","type-page","status-publish","hentry"],"_links":{"self":[{"href":"https:\/\/onlinemarketingagency.dev\/index.php\/wp-json\/wp\/v2\/pages\/86","targetHints":{"allow":["GET"]}}],"collection":[{"href":"https:\/\/onlinemarketingagency.dev\/index.php\/wp-json\/wp\/v2\/pages"}],"about":[{"href":"https:\/\/onlinemarketingagency.dev\/index.php\/wp-json\/wp\/v2\/types\/page"}],"author":[{"embeddable":true,"href":"https:\/\/onlinemarketingagency.dev\/index.php\/wp-json\/wp\/v2\/users\/2"}],"replies":[{"embeddable":true,"href":"https:\/\/onlinemarketingagency.dev\/index.php\/wp-json\/wp\/v2\/comments?post=86"}],"version-history":[{"count":6,"href":"https:\/\/onlinemarketingagency.dev\/index.php\/wp-json\/wp\/v2\/pages\/86\/revisions"}],"predecessor-version":[{"id":2221,"href":"https:\/\/onlinemarketingagency.dev\/index.php\/wp-json\/wp\/v2\/pages\/86\/revisions\/2221"}],"wp:attachment":[{"href":"https:\/\/onlinemarketingagency.dev\/index.php\/wp-json\/wp\/v2\/media?parent=86"}],"curies":[{"name":"wp","href":"https:\/\/api.w.org\/{rel}","templated":true}]}}